{"id":2594,"date":"2018-07-09T03:32:44","date_gmt":"2018-07-09T03:32:44","guid":{"rendered":"https:\/\/elihuconh.com\/blog\/?page_id=2594"},"modified":"2024-06-17T14:01:15","modified_gmt":"2024-06-17T14:01:15","slug":"fotografo","status":"publish","type":"page","link":"https:\/\/elihuconh.com\/blog\/fotografo\/","title":{"rendered":"About"},"content":{"rendered":"\n<figure class=\"wp-block-image size-large\"><img loading=\"lazy\" decoding=\"async\" width=\"1024\" height=\"570\" src=\"https:\/\/elihuconh.com\/blog\/wp-content\/uploads\/2024\/06\/portraitelihu-2024-1024x570.jpg\" alt=\"\" class=\"wp-image-2994\" srcset=\"https:\/\/elihuconh.com\/blog\/wp-content\/uploads\/2024\/06\/portraitelihu-2024-1024x570.jpg 1024w, https:\/\/elihuconh.com\/blog\/wp-content\/uploads\/2024\/06\/portraitelihu-2024-300x167.jpg 300w, https:\/\/elihuconh.com\/blog\/wp-content\/uploads\/2024\/06\/portraitelihu-2024-768x428.jpg 768w, https:\/\/elihuconh.com\/blog\/wp-content\/uploads\/2024\/06\/portraitelihu-2024.jpg 1200w\" sizes=\"(max-width: 706px) 89vw, (max-width: 767px) 82vw, 740px\" \/><\/figure>\n\n\n\n<p>Hello my name is Elih\u00fa and I\u00b4m a mexican photographer shooting stock photography during the last seven years.<\/p>\n\n\n\n<p>I love to make lifestyle and food photography. I&#8217;m based in Mexico but also I spend time traveling around the world taking photos for stock photography, especially about Latin American culture and people.&nbsp;if you are interested in my photographs or my work you can send a message here or an email to <i>info@elihuconh.com<\/i> and I will respond as soon as possible.thanks and best regards!<\/p>\n\n\n\n<p>Elih\u00fa<\/p>\n\n\n<div role=\"form\" class=\"wpcf7\" id=\"wpcf7-f2304-o1\" lang=\"es-MX\" dir=\"ltr\">\n<div class=\"screen-reader-response\" role=\"alert\" aria-live=\"polite\"><\/div>\n<form action=\"\/blog\/wp-json\/wp\/v2\/pages\/2594#wpcf7-f2304-o1\" method=\"post\" class=\"wpcf7-form init\" novalidate=\"novalidate\">\n<div style=\"display: none;\">\n<input type=\"hidden\" name=\"_wpcf7\" value=\"2304\" \/>\n<input type=\"hidden\" name=\"_wpcf7_version\" value=\"5.2.2\" \/>\n<input type=\"hidden\" name=\"_wpcf7_locale\" value=\"es_MX\" \/>\n<input type=\"hidden\" name=\"_wpcf7_unit_tag\" value=\"wpcf7-f2304-o1\" \/>\n<input type=\"hidden\" name=\"_wpcf7_container_post\" value=\"0\" \/>\n<input type=\"hidden\" name=\"_wpcf7_posted_data_hash\" value=\"\" \/>\n<\/div>\n<p><label> Nombre\/Name (required)<br \/>\n    <span class=\"wpcf7-form-control-wrap your-name\"><input type=\"text\" name=\"your-name\" value=\"\" size=\"40\" class=\"wpcf7-form-control wpcf7-text wpcf7-validates-as-required\" aria-required=\"true\" aria-invalid=\"false\" \/><\/span> <\/label><\/p>\n<p><label> Email (required)<br \/>\n    <span class=\"wpcf7-form-control-wrap your-email\"><input type=\"email\" name=\"your-email\" value=\"\" size=\"40\" class=\"wpcf7-form-control wpcf7-text wpcf7-email wpcf7-validates-as-required wpcf7-validates-as-email\" aria-required=\"true\" aria-invalid=\"false\" \/><\/span> <\/label><\/p>\n<p><label> Phone<br \/>\n    <span class=\"wpcf7-form-control-wrap tel-379\"><input type=\"tel\" name=\"tel-379\" value=\"\" size=\"40\" class=\"wpcf7-form-control wpcf7-text wpcf7-tel wpcf7-validates-as-tel\" aria-invalid=\"false\" \/><\/span> <\/label><\/p>\n<p><label> Mensaje\/Message<br \/>\n    <span class=\"wpcf7-form-control-wrap your-message\"><textarea name=\"your-message\" cols=\"40\" rows=\"10\" class=\"wpcf7-form-control wpcf7-textarea\" aria-invalid=\"false\"><\/textarea><\/span> <\/label><\/p>\n<p><input type=\"submit\" value=\"Send\" class=\"wpcf7-form-control wpcf7-submit\" \/><\/p>\n<div class=\"wpcf7-response-output\" role=\"alert\" aria-hidden=\"true\"><\/div><\/form><\/div>\n","protected":false},"excerpt":{"rendered":"<p>Hello my name is Elih\u00fa and I\u00b4m a mexican photographer shooting stock photography during the last seven years. I love to make lifestyle and food photography. I&#8217;m based in Mexico but also I spend time traveling around the world taking photos for stock photography, especially about Latin American culture and people.&nbsp;if you are interested in &hellip; <\/p>\n<p class=\"link-more\"><a href=\"https:\/\/elihuconh.com\/blog\/fotografo\/\" class=\"more-link\">Continuar leyendo<span class=\"screen-reader-text\"> &#8220;About&#8221;<\/span><\/a><\/p>\n","protected":false},"author":1,"featured_media":0,"parent":0,"menu_order":0,"comment_status":"closed","ping_status":"closed","template":"","meta":{"footnotes":""},"yoast_head":"<!-- This site is optimized with the Yoast SEO plugin v14.9 - https:\/\/yoast.com\/wordpress\/plugins\/seo\/ -->\n<title>\u25b7 Fot\u00f3grafo de Gastronom\u00eda en Puebla M\u00e9xico y Fotograf\u00eda Publicitaria<\/title>\n<meta name=\"description\" content=\"Fot\u00f3grafos de Gastronom\u00eda y Alimentos en Puebla M\u00e9xico \u2705 food styling \u2705 Fotograf\u00eda Publicitaria y Comercial en la ciudad de Puebla\" \/>\n<meta name=\"robots\" content=\"index, nofollow, max-snippet:-1, max-image-preview:large, max-video-preview:-1\" \/>\n<link rel=\"canonical\" href=\"https:\/\/elihuconh.com\/blog\/fotografo\/\" \/>\n<meta property=\"og:locale\" content=\"es_MX\" \/>\n<meta property=\"og:type\" content=\"article\" \/>\n<meta property=\"og:title\" content=\"\u25b7 Fot\u00f3grafo de Gastronom\u00eda en Puebla M\u00e9xico y Fotograf\u00eda Publicitaria\" \/>\n<meta property=\"og:description\" content=\"Fot\u00f3grafos de Gastronom\u00eda y Alimentos en Puebla M\u00e9xico \u2705 food styling \u2705 Fotograf\u00eda Publicitaria y Comercial en la ciudad de Puebla\" \/>\n<meta property=\"og:url\" content=\"https:\/\/elihuconh.com\/blog\/fotografo\/\" \/>\n<meta property=\"og:site_name\" content=\"Fot\u00f3grafo de Publicidad en Puebla Mexico\" \/>\n<meta property=\"article:modified_time\" content=\"2024-06-17T14:01:15+00:00\" \/>\n<meta property=\"og:image\" content=\"https:\/\/elihuconh.com\/blog\/wp-content\/uploads\/2024\/06\/portraitelihu-2024-1024x570.jpg\" \/>\n<script type=\"application\/ld+json\" class=\"yoast-schema-graph\">{\"@context\":\"https:\/\/schema.org\",\"@graph\":[{\"@type\":\"WebSite\",\"@id\":\"https:\/\/elihuconh.com\/blog\/#website\",\"url\":\"https:\/\/elihuconh.com\/blog\/\",\"name\":\"Fot\\u00f3grafo de Publicidad en Puebla Mexico\",\"description\":\"Fot\\u00f3grafo de Publicidad en Puebla Mexico\",\"potentialAction\":[{\"@type\":\"SearchAction\",\"target\":\"https:\/\/elihuconh.com\/blog\/?s={search_term_string}\",\"query-input\":\"required name=search_term_string\"}],\"inLanguage\":\"es\"},{\"@type\":\"ImageObject\",\"@id\":\"https:\/\/elihuconh.com\/blog\/fotografo\/#primaryimage\",\"inLanguage\":\"es\",\"url\":\"https:\/\/elihuconh.com\/blog\/wp-content\/uploads\/2024\/06\/portraitelihu-2024.jpg\",\"width\":1200,\"height\":668},{\"@type\":\"WebPage\",\"@id\":\"https:\/\/elihuconh.com\/blog\/fotografo\/#webpage\",\"url\":\"https:\/\/elihuconh.com\/blog\/fotografo\/\",\"name\":\"\\u25b7 Fot\\u00f3grafo de Gastronom\\u00eda en Puebla M\\u00e9xico y Fotograf\\u00eda Publicitaria\",\"isPartOf\":{\"@id\":\"https:\/\/elihuconh.com\/blog\/#website\"},\"primaryImageOfPage\":{\"@id\":\"https:\/\/elihuconh.com\/blog\/fotografo\/#primaryimage\"},\"datePublished\":\"2018-07-09T03:32:44+00:00\",\"dateModified\":\"2024-06-17T14:01:15+00:00\",\"description\":\"Fot\\u00f3grafos de Gastronom\\u00eda y Alimentos en Puebla M\\u00e9xico \\u2705 food styling \\u2705 Fotograf\\u00eda Publicitaria y Comercial en la ciudad de Puebla\",\"inLanguage\":\"es\",\"potentialAction\":[{\"@type\":\"ReadAction\",\"target\":[\"https:\/\/elihuconh.com\/blog\/fotografo\/\"]}]}]}<\/script>\n<!-- \/ Yoast SEO plugin. -->","_links":{"self":[{"href":"https:\/\/elihuconh.com\/blog\/wp-json\/wp\/v2\/pages\/2594"}],"collection":[{"href":"https:\/\/elihuconh.com\/blog\/wp-json\/wp\/v2\/pages"}],"about":[{"href":"https:\/\/elihuconh.com\/blog\/wp-json\/wp\/v2\/types\/page"}],"author":[{"embeddable":true,"href":"https:\/\/elihuconh.com\/blog\/wp-json\/wp\/v2\/users\/1"}],"replies":[{"embeddable":true,"href":"https:\/\/elihuconh.com\/blog\/wp-json\/wp\/v2\/comments?post=2594"}],"version-history":[{"count":21,"href":"https:\/\/elihuconh.com\/blog\/wp-json\/wp\/v2\/pages\/2594\/revisions"}],"predecessor-version":[{"id":2995,"href":"https:\/\/elihuconh.com\/blog\/wp-json\/wp\/v2\/pages\/2594\/revisions\/2995"}],"wp:attachment":[{"href":"https:\/\/elihuconh.com\/blog\/wp-json\/wp\/v2\/media?parent=2594"}],"curies":[{"name":"wp","href":"https:\/\/api.w.org\/{rel}","templated":true}]}}